{"id":5900,"date":"2021-05-01T23:15:04","date_gmt":"2021-05-01T21:15:04","guid":{"rendered":"https:\/\/gb.ambaguinee.org\/?page_id=5900"},"modified":"2025-01-14T14:59:51","modified_gmt":"2025-01-14T13:59:51","slug":"ambassadeur","status":"publish","type":"page","link":"https:\/\/gb.ambaguinee.org\/?page_id=5900","title":{"rendered":"A WORD FROM THE AMBASSADOR"},"content":{"rendered":"\n<figure><img src=\"https:\/\/gb.ambaguinee.org\/wp-content\/uploads\/2023\/08\/S.E-M.-lAmbassadeur-3-959x1024.jpg\" alt=\"\" \/><\/figure>\n\n\n\n<p>Chers Guin\u00e9ens, Guin\u00e9ennes et visiteurs,<\/p>\n\n\n\n<p>Bienvenue sur le site de l\u2019Ambassade de la R\u00e9publique de Guin\u00e9e au Royaume Uni de Grande Bretagne et d\u2019Irlande du Nord, en Irlande et en Islande.<\/p>\n\n\n\n<p>Notre Ambassade \u00e0 Londres a redynamis\u00e9 son site web dans le but de rendre accessible aux internautes les informations relatives \u00e0 nos activit\u00e9s, notamment pour les ressortissants guin\u00e9ens vivant et en s\u00e9jour au Royaume Uni de Bretagne et d\u2019Irlande du Nord, en Irlande et en Islande, qui peuvent d\u00e9sormais trouver les renseignements n\u00e9cessaires sur les d\u00e9marches administratives \u00e0 faire en vue de l\u2019obtention des documents Consulaires, mais aussi pour les \u00e9trangers d\u00e9sireux de se prendre en R\u00e9publique de Guin\u00e9e pour diverses raisons.<\/p>\n\n\n\n<p>Depuis le 23 janvier 2023, j\u2019ai b\u00e9n\u00e9fici\u00e9 de la confiance de Son Excellence le Colonel Mamadi DOUMBOUYA, Pr\u00e9sident du Comit\u00e9 National du Rassemblement pour le D\u00e9veloppement (CNRD), Pr\u00e9sident de la R\u00e9publique, Chef de l\u2019\u00c9tat, Chef Supr\u00eame des Arm\u00e9es a bien voulu me nommer en qualit\u00e9 d\u2019Ambassadeur Pl\u00e9nipotentiaire et Extraordinaire de la R\u00e9publique de Guin\u00e9e pr\u00e8s &nbsp;Royaume Uni de Grande Bretagne et d\u2019Irlande du Nord, en Irlande et en Islande et Repr\u00e9sentant permanent aupr\u00e8s de l\u2019Organisation Maritime Internationale pour maintenir et d\u00e9velopper nos relations avec le Royaume Uni ainsi qu\u2019avec l\u2019OMI.<\/p>\n\n\n\n<p>La c\u00e9r\u00e9monie de remise de mes lettres de cr\u00e9ances \u00e0 Sa Majest\u00e9 le Roi Charles III a eu lieu le 15 mars 2023 au Palais de Buckingham. Depuis cette date et pour combler les attentes du Pr\u00e9sident de R\u00e9publique en terme de r\u00e9sultats, mon \u00e9quipe et moi-m\u00eame sommes inscrits dans la dynamique de la Refondation pr\u00f4n\u00e9e par le Gouvernement, du CNRD et de son pr\u00e9sident, \u00e0 travers des actions visant \u00e0 r\u00e9pondre rapidement et de mani\u00e8re efficace aux besoins de nos ressortissants guin\u00e9ens vivant dans notre juridiction ainsi que la diversification des domaines de coop\u00e9ration \u00e0 travers la promotion des investissements, et des partenariats publics-priv\u00e9s entre la R\u00e9publique de Guin\u00e9e et les pays de la Juridiction.<\/p>\n\n\n\n<figure class=\"wp-block-image size-full\"><img loading=\"lazy\" width=\"1024\" height=\"683\" src=\"https:\/\/gb.ambaguinee.org\/wp-content\/uploads\/2025\/01\/IMG-20250114-WA0001.jpg\" alt=\"\" class=\"wp-image-40677\" srcset=\"https:\/\/gb.ambaguinee.org\/wp-content\/uploads\/2025\/01\/IMG-20250114-WA0001.jpg 1024w, https:\/\/gb.ambaguinee.org\/wp-content\/uploads\/2025\/01\/IMG-20250114-WA0001-300x200.jpg 300w, https:\/\/gb.ambaguinee.org\/wp-content\/uploads\/2025\/01\/IMG-20250114-WA0001-768x512.jpg 768w\" sizes=\"(max-width: 1024px) 100vw, 1024px\" \/><\/figure>\n\n\n\n<figure class=\"wp-block-image size-full\"><img loading=\"lazy\" width=\"1024\" height=\"682\" src=\"https:\/\/gb.ambaguinee.org\/wp-content\/uploads\/2025\/01\/IMG-20250114-WA0002.jpg\" alt=\"\" class=\"wp-image-40678\" srcset=\"https:\/\/gb.ambaguinee.org\/wp-content\/uploads\/2025\/01\/IMG-20250114-WA0002.jpg 1024w, https:\/\/gb.ambaguinee.org\/wp-content\/uploads\/2025\/01\/IMG-20250114-WA0002-300x200.jpg 300w, https:\/\/gb.ambaguinee.org\/wp-content\/uploads\/2025\/01\/IMG-20250114-WA0002-768x512.jpg 768w\" sizes=\"(max-width: 1024px) 100vw, 1024px\" \/><\/figure>\n\n\n\n<figure class=\"wp-block-image size-full\"><img loading=\"lazy\" width=\"1024\" height=\"682\" src=\"https:\/\/gb.ambaguinee.org\/wp-content\/uploads\/2025\/01\/IMG-20250114-WA0004.jpg\" alt=\"\" class=\"wp-image-40679\" srcset=\"https:\/\/gb.ambaguinee.org\/wp-content\/uploads\/2025\/01\/IMG-20250114-WA0004.jpg 1024w, https:\/\/gb.ambaguinee.org\/wp-content\/uploads\/2025\/01\/IMG-20250114-WA0004-300x200.jpg 300w, https:\/\/gb.ambaguinee.org\/wp-content\/uploads\/2025\/01\/IMG-20250114-WA0004-768x512.jpg 768w\" sizes=\"(max-width: 1024px) 100vw, 1024px\" \/><\/figure>\n\n\n\n<figure class=\"wp-block-image size-full\"><img loading=\"lazy\" width=\"1024\" height=\"683\" src=\"https:\/\/gb.ambaguinee.org\/wp-content\/uploads\/2025\/01\/IMG-20250114-WA0003.jpg\" alt=\"\" class=\"wp-image-40680\" srcset=\"https:\/\/gb.ambaguinee.org\/wp-content\/uploads\/2025\/01\/IMG-20250114-WA0003.jpg 1024w, https:\/\/gb.ambaguinee.org\/wp-content\/uploads\/2025\/01\/IMG-20250114-WA0003-300x200.jpg 300w, https:\/\/gb.ambaguinee.org\/wp-content\/uploads\/2025\/01\/IMG-20250114-WA0003-768x512.jpg 768w\" sizes=\"(max-width: 1024px) 100vw, 1024px\" \/><\/figure>\n\n\n\n<p>A cet effet, nous nous engageons \u00e0 offrir un service de qualit\u00e9 \u00e0 la hauteur des attentes de nos compatriotes et \u00e0 \u0153uvrer pour le d\u00e9veloppement de la coop\u00e9ration bi et multilat\u00e9rale avec les pays de ma juridiction.<\/p>\n\n\n\n<p>Je vous remercie et vous souhaite une bonne navigation.<\/p>\n\n\n\n<p><strong>S.E Aly DIALLO<\/strong><\/p>\n\n\n\n<p>&nbsp;<\/p>\n\n\n\n<h2>BIOGRAPHIE<\/h2>\n\n\n\n<div class=\"wp-block-file\"><object class=\"wp-block-file__embed\" data=\"https:\/\/gb.ambaguinee.org\/wp-content\/uploads\/2025\/01\/BIOGRAPHIE-SEM-ALY-DIALLO-FR.pdf\" type=\"application\/pdf\" style=\"width:100%;height:600px\" aria-label=\"Contenu embarqu\u00e9 BIOGRAPHIE-SEM-ALY-DIALLO-FR.\"><\/object><a id=\"wp-block-file--media-cd93931b-0741-4926-bed0-9ab369835d54\" href=\"https:\/\/gb.ambaguinee.org\/wp-content\/uploads\/2025\/01\/BIOGRAPHIE-SEM-ALY-DIALLO-FR.pdf\">BIOGRAPHIE-SEM-ALY-DIALLO-FR<\/a><a href=\"https:\/\/gb.ambaguinee.org\/wp-content\/uploads\/2025\/01\/BIOGRAPHIE-SEM-ALY-DIALLO-FR.pdf\" class=\"wp-block-file__button\" download aria-describedby=\"wp-block-file--media-cd93931b-0741-4926-bed0-9ab369835d54\">T\u00e9l\u00e9charger<\/a><\/div>\n\n\n\n<div class=\"wp-block-file\"><object class=\"wp-block-file__embed\" data=\"https:\/\/gb.ambaguinee.org\/wp-content\/uploads\/2025\/01\/BIOGRAPHIE-SEM-ALY-DIALLO-EN.pdf\" type=\"application\/pdf\" style=\"width:100%;height:600px\" aria-label=\"Contenu embarqu\u00e9 BIOGRAPHIE-SEM-ALY-DIALLO-EN.\"><\/object><a id=\"wp-block-file--media-a696bb70-2176-465b-96ba-423ef95c0d50\" href=\"https:\/\/gb.ambaguinee.org\/wp-content\/uploads\/2025\/01\/BIOGRAPHIE-SEM-ALY-DIALLO-EN.pdf\">BIOGRAPHIE-SEM-ALY-DIALLO-EN<\/a><a href=\"https:\/\/gb.ambaguinee.org\/wp-content\/uploads\/2025\/01\/BIOGRAPHIE-SEM-ALY-DIALLO-EN.pdf\" class=\"wp-block-file__button\" download aria-describedby=\"wp-block-file--media-a696bb70-2176-465b-96ba-423ef95c0d50\">T\u00e9l\u00e9charger<\/a><\/div>\n","protected":false},"excerpt":{"rendered":"<p>Chers Guin\u00e9ens, Guin\u00e9ennes et visiteurs, Bienvenue sur le site de l\u2019Ambassade de la R\u00e9publique de Guin\u00e9e au Royaume Uni de Grande Bretagne et d\u2019Irlande du Nord, en Irlande et en Islande. Notre Ambassade \u00e0 Londres a redynamis\u00e9 son site web dans le but de rendre accessible aux internautes les informations relatives \u00e0 nos activit\u00e9s, notamment &hellip;<\/p>\n","protected":false},"author":1,"featured_media":0,"parent":0,"menu_order":0,"comment_status":"closed","ping_status":"closed","template":"","meta":[],"_links":{"self":[{"href":"https:\/\/gb.ambaguinee.org\/index.php?rest_route=\/wp\/v2\/pages\/5900"}],"collection":[{"href":"https:\/\/gb.ambaguinee.org\/index.php?rest_route=\/wp\/v2\/pages"}],"about":[{"href":"https:\/\/gb.ambaguinee.org\/index.php?rest_route=\/wp\/v2\/types\/page"}],"author":[{"embeddable":true,"href":"https:\/\/gb.ambaguinee.org\/index.php?rest_route=\/wp\/v2\/users\/1"}],"replies":[{"embeddable":true,"href":"https:\/\/gb.ambaguinee.org\/index.php?rest_route=%2Fwp%2Fv2%2Fcomments&post=5900"}],"version-history":[{"count":19,"href":"https:\/\/gb.ambaguinee.org\/index.php?rest_route=\/wp\/v2\/pages\/5900\/revisions"}],"predecessor-version":[{"id":40681,"href":"https:\/\/gb.ambaguinee.org\/index.php?rest_route=\/wp\/v2\/pages\/5900\/revisions\/40681"}],"wp:attachment":[{"href":"https:\/\/gb.ambaguinee.org\/index.php?rest_route=%2Fwp%2Fv2%2Fmedia&parent=5900"}],"curies":[{"name":"wp","href":"https:\/\/api.w.org\/{rel}","templated":true}]}}