{"id":6327,"date":"2021-05-03T00:23:08","date_gmt":"2021-05-02T22:23:08","guid":{"rendered":"https:\/\/gb.ambaguinee.org\/?page_id=6327"},"modified":"2023-08-14T16:34:01","modified_gmt":"2023-08-14T14:34:01","slug":"comment-faire-mes-demarches-en-ligne","status":"publish","type":"page","link":"https:\/\/gb.ambaguinee.org\/?page_id=6327","title":{"rendered":"Mes d\u00e9marches consulaires"},"content":{"rendered":"\n<figure><img src=\"https:\/\/gb.ambaguinee.org\/wp-content\/uploads\/2021\/05\/CC.png\" alt=\"\" \/><\/figure>\n\n\n\n<p class=\"has-text-align-center\"><strong><u>COMMUNIQUE N\u00b0 002\/2023<\/u><\/strong><\/p>\n\n\n\n<p><strong><u>COMMUNIQUE N\u00b0 002\/2023<\/u><\/strong><\/p>\n\n\n\n<p>L\u2019Ambassade de la R\u00e9publique de Guin\u00e9e au Royaume Uni de Grande Bretagne et d\u2019Irlande du Nord, en Irlande et en Islande porte \u00e0 la connaissance des ressortissants guin\u00e9ens vivant dans sa juridiction que la d\u00e9livrance des <strong>Cartes Consulaires Num\u00e9riques<\/strong> au b\u00e9n\u00e9fice de ses ressortissants a d\u00e9marr\u00e9 ce <strong>mardi, 08 ao\u00fbt 2023 \u00e0 11h 30mn <\/strong>dans ses locaux et ces op\u00e9rations se poursuivront de mani\u00e8re permanente.<\/p>\n\n\n\n<p>A cet effet, l\u2019Ambassade invite ses concitoyens \u00e0 se procurer de ladite Carte afin de pouvoir compl\u00e9ter leurs dossiers de demande de passeport.<\/p>\n\n\n\n<p>Vous trouverez toutes informations utiles sur notre site web, Rubrique <strong>MON CONSULAT<\/strong> \u00e0 cette adresse&nbsp;: <a href=\"http:\/\/gb.ambaguinee.org\">http:\/\/gb.ambaguinee.org<\/a><\/p>\n\n\n\n<p>Documents requis&nbsp;:<\/p>\n\n\n\n<div class=\"wp-container-1 is-vertical wp-block-group\">\n<ol type=\"1\"><li>Un formulaire \u00e0 remplir d\u00fbment rempli ;<\/li><li>Extrait de naissance\/jugement suppl\u00e9tif et sa transcription\u00a0ou la copie de l\u2019ancien passeport biom\u00e9trique ;<\/li><li>Deux photos d\u2019identit\u00e9 fond blanc\u00a0;<\/li><li>Un re\u00e7u de paiement des frais d\u2019\u00e9molument de 25 \u00a3, effectu\u00e9 sur le compte bancaire suivant\u00a0:                            <strong>EMBASSY OF THE REPUBLIC OF GUINEA<\/strong><\/li><\/ol>\n\n\n\n<p><strong>&nbsp;&nbsp;&nbsp;&nbsp;&nbsp;&nbsp;&nbsp;&nbsp;&nbsp;&nbsp;&nbsp;&nbsp; <\/strong><strong>ACCESS BANK<\/strong><\/p>\n\n\n\n<p><strong>&nbsp;&nbsp;&nbsp;&nbsp;&nbsp;&nbsp;&nbsp;&nbsp;&nbsp;&nbsp;&nbsp;  ACC NUMBER : 02160803<\/strong><\/p>\n\n\n\n<p><strong>&nbsp;&nbsp;&nbsp;&nbsp;&nbsp;&nbsp;&nbsp;&nbsp;&nbsp;&nbsp;&nbsp;&nbsp;&nbsp;SORT CODE : 40 \u2013 62 &#8211; 45<\/strong><\/p>\n\n\n\n<p><strong>&nbsp;&nbsp;&nbsp;&nbsp;&nbsp;&nbsp;&nbsp;&nbsp;&nbsp;&nbsp;&nbsp;&nbsp;&nbsp;REFERENCE (DETAIL) : NOM &amp; PRENOM<\/strong><\/p>\n<\/div>\n\n\n\n<p>Tout dossier incomplet sera d\u00e9clar\u00e9 irrecevable.<\/p>\n\n\n\n<p>A cet \u00e9gard, l\u2019Ambassade offre deux possibilit\u00e9s pour l\u2019obtention de la Carte Consulaire, \u00e0 savoir&nbsp;:<\/p>\n\n\n\n<ol type=\"1\"><li>Se pr\u00e9senter \u00e0 l\u2019Ambassade sans rendez-vous muni des documents cit\u00e9s ci-dessus\u00a0;<\/li><li>Envoyer les documents cit\u00e9s ci-dessus par voie postale accompagn\u00e9s d\u2019une enveloppe retour affranchie en recommand\u00e9e et libell\u00e9e \u00e0 votre adresse.<\/li><\/ol>\n\n\n\n<p>*Les documents \u00e0 fournir pour d\u2019obtention du Laissez-passer reste inchang\u00e9s.<\/p>\n\n\n\n<p><strong>NB&nbsp;: Aucun paiement cash n\u2019est accept\u00e9 et cela est valable pour tous les autres documents consulaires.<\/strong><\/p>\n\n\n\n<p>L\u2019Ambassade de la R\u00e9publique de Guin\u00e9e au Royaume Uni de Grande Bretagne et d\u2019Irlande du Nord, en Irlande et en Islande sait compter sur la bienveillante compr\u00e9hension de tous et de chacun, pour la bonne mise en \u0153uvre des pr\u00e9sentes dispositions.<\/p>\n","protected":false},"excerpt":{"rendered":"<p>COMMUNIQUE N\u00b0 002\/2023 COMMUNIQUE N\u00b0 002\/2023 L\u2019Ambassade de la R\u00e9publique de Guin\u00e9e au Royaume Uni de Grande Bretagne et d\u2019Irlande du Nord, en Irlande et en Islande porte \u00e0 la connaissance des ressortissants guin\u00e9ens vivant dans sa juridiction que la d\u00e9livrance des Cartes Consulaires Num\u00e9riques au b\u00e9n\u00e9fice de ses ressortissants a d\u00e9marr\u00e9 ce mardi, 08 &hellip;<\/p>\n","protected":false},"author":1,"featured_media":0,"parent":0,"menu_order":0,"comment_status":"closed","ping_status":"closed","template":"","meta":[],"_links":{"self":[{"href":"https:\/\/gb.ambaguinee.org\/index.php?rest_route=\/wp\/v2\/pages\/6327"}],"collection":[{"href":"https:\/\/gb.ambaguinee.org\/index.php?rest_route=\/wp\/v2\/pages"}],"about":[{"href":"https:\/\/gb.ambaguinee.org\/index.php?rest_route=\/wp\/v2\/types\/page"}],"author":[{"embeddable":true,"href":"https:\/\/gb.ambaguinee.org\/index.php?rest_route=\/wp\/v2\/users\/1"}],"replies":[{"embeddable":true,"href":"https:\/\/gb.ambaguinee.org\/index.php?rest_route=%2Fwp%2Fv2%2Fcomments&post=6327"}],"version-history":[{"count":14,"href":"https:\/\/gb.ambaguinee.org\/index.php?rest_route=\/wp\/v2\/pages\/6327\/revisions"}],"predecessor-version":[{"id":37890,"href":"https:\/\/gb.ambaguinee.org\/index.php?rest_route=\/wp\/v2\/pages\/6327\/revisions\/37890"}],"wp:attachment":[{"href":"https:\/\/gb.ambaguinee.org\/index.php?rest_route=%2Fwp%2Fv2%2Fmedia&parent=6327"}],"curies":[{"name":"wp","href":"https:\/\/api.w.org\/{rel}","templated":true}]}}