{"id":6333,"date":"2021-05-03T00:26:39","date_gmt":"2021-05-02T22:26:39","guid":{"rendered":"https:\/\/gb.ambaguinee.org\/?page_id=6333"},"modified":"2021-05-03T00:26:39","modified_gmt":"2021-05-02T22:26:39","slug":"le-gouvernement","status":"publish","type":"page","link":"https:\/\/gb.ambaguinee.org\/?page_id=6333","title":{"rendered":"Le Gouvernement"},"content":{"rendered":"\n<p>Composition du Gouvernement Kassory<\/p>\n\n\n\n<ol type=\"1\"><li>Premier Ministre, Chef du gouvernement&nbsp;: Ibrahima Kassory Fofana<\/li><li>Ministre d\u2019\u00c9tat charg\u00e9 des affaires pr\u00e9sidentielles, ministre de la D\u00e9fense nationale&nbsp;: Dr Mohamed Dian\u00e9,<\/li><li>Ministre d\u2019\u00c9tat \u00e0 la Pr\u00e9sidence, conseiller sp\u00e9cial du pr\u00e9sident de la R\u00e9publique, ministre de l\u2019Industrie et des PME&nbsp;: Tibou Kamara,<\/li><li>Ministre d\u2019\u00c9tat, ministre de l\u2019Hydraulique et de l\u2019Assainissement&nbsp;: Papa Koly Kourouma,<\/li><li>Ministre d\u2019\u00c9tat, ministre des Transports, Aboubacar Sylla<\/li><li>Ministre d\u2019Etat, ministre l\u2019Environnement, des Eaux et For\u00eats&nbsp;: Oy\u00e9 Guilavogui,<\/li><li>Ministre d\u2019Etat, ministre des Sports, de la Culture et du Patrimoine historique&nbsp;: Sanoussi Bantama Sow<\/li><li>Ministre la Justice, Garde des Sceaux&nbsp;: Mory Doumbouya, pr\u00e9c\u00e9demment agent judiciaire de l\u2019Etat<\/li><li>Ministre du Plan et du D\u00e9veloppement \u00e9conomique&nbsp;: Mama Kanny Diallo,<\/li><li>Ministre de l\u2019\u00c9conomie et des Finances&nbsp;: Mamadi Camara,<\/li><li>Ministre de l\u2019Unit\u00e9 nationale et de la Citoyennet\u00e9&nbsp;: Mamadou Taran Diallo,<\/li><li>Ministre des Travaux publics : Moustapha Nait\u00e9<\/li><li>Ministre de l\u2019\u00c9nergie : Mme Bountouraby Yattara, pr\u00e9c\u00e9demment secr\u00e9taire g\u00e9n\u00e9rale du minist\u00e8re de l\u2019Economie et des Finances<\/li><li>Ministre de l\u2019H\u00f4tellerie, du Tourisme et de l\u2019Artisanat&nbsp;: Salla Fanta Camara, pr\u00e9c\u00e9demment cheffe de cabinet du minist\u00e8re des investissements et des partenariats public-priv\u00e9<\/li><li>Ministre de l\u2019Administration du territoire et de la D\u00e9centralisation&nbsp;: G\u00e9n\u00e9ral Bour\u00e9ma Cond\u00e9,<\/li><li>Ministre des Affaires \u00e9trang\u00e8res et des Guin\u00e9ens de l\u2019\u00e9tranger&nbsp;: Ibrahima Khalil Tour\u00e9<\/li><li>Ministre, ministre de la Sant\u00e9 : colonel Remy Lamah,<\/li><li>Ministre de l\u2019Enseignement sup\u00e9rieur et de la Recherche scientifique : Dr Aboubacar Oumar Bangoura, professeur \u00e0 l\u2019Institut polytechnique \u00e0 l\u2019universit\u00e9 Gamal Abdel Nasser de Conakry<\/li><li>Ministre de l\u2019\u00c9ducation nationale et de l\u2019Alphab\u00e9tisation : Dr Alpha Amadou Bano Barry, pr\u00e9c\u00e9demment conseiller \u00e0 la pr\u00e9sidence de la R\u00e9publique<\/li><li>Ministre des Mines et de la G\u00e9ologie&nbsp;: Abdoulaye Magassouba,<\/li><li>Ministre de la Ville et de l\u2019Am\u00e9nagement du territoire&nbsp;: Ibrahima Kourouma,<\/li><li>Ministre de la Jeunesse et de l\u2019Emploi jeune&nbsp;: Mouctar Diallo,<\/li><li>Ministre des Postes, des T\u00e9l\u00e9coms et de l\u2019\u00c9conomie num\u00e9rique&nbsp;: Sa\u00efd Oumar Koulibaly, pr\u00e9c\u00e9demment directeur g\u00e9n\u00e9ral de la Guilab<\/li><li>Ministre de la P\u00eache, de l\u2019Aquaculture et de l\u2019\u00c9conomie maritime&nbsp;: Fr\u00e9d\u00e9ric Loua,<\/li><li>Ministre de la Fonction publique, de la R\u00e9forme de l\u2019\u00c9tat et de la Modernisation de l\u2019administration : Dr Mamadou Ballo, pr\u00e9c\u00e9demment ministre chef de cabinet de la pr\u00e9sidence de la R\u00e9publique<\/li><li>Ministre du Budget&nbsp;: Isma\u00ebl Dioubat\u00e9,<\/li><li>Ministre de la S\u00e9curit\u00e9 et de la Protection civile&nbsp;: Albert Damantang Camara<\/li><li>Ministre du Commerce&nbsp;: Boubacar Barry,<\/li><li>Ministre du Travail et des Lois sociales : M. Diallo Cheick Oumar, ing\u00e9nieur chimiste, ancien conseiller charg\u00e9 du d\u00e9veloppement rural \u00e0 la primature<\/li><li>Ministre des Droits et l\u2019autonomisation des femmes : Mme Hawa B\u00e9avogui, pr\u00e9c\u00e9demment directrice adjointe du Fonds de l\u2019hydraulique<\/li><li>Ministre de l\u2019Action sociale et des personnes vuln\u00e9rables : Mariama Sylla,<\/li><li>Ministre de l\u2019Enseignement technique, de la Formation professionnelle, du Travail et de l\u2019Emploi&nbsp;: Dj\u00e9nabou Dram\u00e9, pr\u00e9c\u00e9demment directrice des affaires administratives et financi\u00e8res au minist\u00e8re de la sant\u00e9<\/li><li>Ministre en charge des Investissements et du Partenariat public-priv\u00e9&nbsp;: Gabriel Curtis,<\/li><li>Ministre de la Coop\u00e9ration et de l\u2019Int\u00e9gration africaine&nbsp;: Dj\u00e8n\u00e8 Keita,<\/li><li>Ministre de l\u2019Agriculture&nbsp;: Mariama Camara,<\/li><li>Ministre de l\u2019\u00c9levage&nbsp;: Roger Patrick Millimono,<\/li><li>Ministre de l\u2019Information et de la Communication&nbsp;: Amara Sompar\u00e9,<\/li><li>Ministre charg\u00e9 des Hydrocarbures&nbsp;: Diakaria Koulibaly,<\/li><\/ol>\n","protected":false},"excerpt":{"rendered":"<p>Composition du Gouvernement Kassory Premier Ministre, Chef du gouvernement&nbsp;: Ibrahima Kassory Fofana Ministre d\u2019\u00c9tat charg\u00e9 des affaires pr\u00e9sidentielles, ministre de la D\u00e9fense nationale&nbsp;: Dr Mohamed Dian\u00e9, Ministre d\u2019\u00c9tat \u00e0 la Pr\u00e9sidence, conseiller sp\u00e9cial du pr\u00e9sident de la R\u00e9publique, ministre de l\u2019Industrie et des PME&nbsp;: Tibou Kamara, Ministre d\u2019\u00c9tat, ministre de l\u2019Hydraulique et de l\u2019Assainissement&nbsp;: Papa &hellip;<\/p>\n","protected":false},"author":1,"featured_media":0,"parent":0,"menu_order":0,"comment_status":"closed","ping_status":"closed","template":"","meta":[],"_links":{"self":[{"href":"https:\/\/gb.ambaguinee.org\/index.php?rest_route=\/wp\/v2\/pages\/6333"}],"collection":[{"href":"https:\/\/gb.ambaguinee.org\/index.php?rest_route=\/wp\/v2\/pages"}],"about":[{"href":"https:\/\/gb.ambaguinee.org\/index.php?rest_route=\/wp\/v2\/types\/page"}],"author":[{"embeddable":true,"href":"https:\/\/gb.ambaguinee.org\/index.php?rest_route=\/wp\/v2\/users\/1"}],"replies":[{"embeddable":true,"href":"https:\/\/gb.ambaguinee.org\/index.php?rest_route=%2Fwp%2Fv2%2Fcomments&post=6333"}],"version-history":[{"count":1,"href":"https:\/\/gb.ambaguinee.org\/index.php?rest_route=\/wp\/v2\/pages\/6333\/revisions"}],"predecessor-version":[{"id":6334,"href":"https:\/\/gb.ambaguinee.org\/index.php?rest_route=\/wp\/v2\/pages\/6333\/revisions\/6334"}],"wp:attachment":[{"href":"https:\/\/gb.ambaguinee.org\/index.php?rest_route=%2Fwp%2Fv2%2Fmedia&parent=6333"}],"curies":[{"name":"wp","href":"https:\/\/api.w.org\/{rel}","templated":true}]}}